{"id":520,"date":"2024-02-06T13:45:46","date_gmt":"2024-02-06T13:45:46","guid":{"rendered":"https:\/\/site.aquerasystem.com\/?page_id=520"},"modified":"2025-05-21T22:16:48","modified_gmt":"2025-05-21T22:16:48","slug":"products","status":"publish","type":"page","link":"https:\/\/www.aqueraweb.com\/br\/produtos\/","title":{"rendered":"Produtos"},"content":{"rendered":"<div data-elementor-type=\"wp-page\" data-elementor-id=\"520\" class=\"elementor elementor-520\" data-elementor-post-type=\"page\">\n\t\t\t\t\t\t\t<div data-dce-background-color=\"#132942\" data-dce-background-image-url=\"https:\/\/www.aqueraweb.com\/wp-content\/uploads\/2024\/02\/aquera-products.jpg\" class=\"elementor-element elementor-element-ffd4cbd e-con-full e-flex e-con e-parent\" data-id=\"ffd4cbd\" data-element_type=\"container\" data-settings=\"{&quot;content_width&quot;:&quot;full&quot;,&quot;background_background&quot;:&quot;classic&quot;,&quot;background_motion_fx_motion_fx_scrolling&quot;:&quot;yes&quot;,&quot;background_motion_fx_scale_effect&quot;:&quot;yes&quot;,&quot;background_motion_fx_scale_speed&quot;:{&quot;unit&quot;:&quot;px&quot;,&quot;size&quot;:2,&quot;sizes&quot;:[]},&quot;background_motion_fx_scale_direction&quot;:&quot;out-in&quot;,&quot;background_motion_fx_scale_range&quot;:{&quot;unit&quot;:&quot;%&quot;,&quot;size&quot;:&quot;&quot;,&quot;sizes&quot;:{&quot;start&quot;:20,&quot;end&quot;:80}},&quot;background_motion_fx_devices&quot;:[&quot;desktop&quot;,&quot;tablet&quot;,&quot;mobile&quot;],&quot;_ha_eqh_enable&quot;:false}\" data-core-v316-plus=\"true\">\n\t\t<div class=\"elementor-element elementor-element-c0f311b e-flex e-con-boxed e-con e-child\" data-id=\"c0f311b\" data-element_type=\"container\" data-settings=\"{&quot;content_width&quot;:&quot;boxed&quot;,&quot;_ha_eqh_enable&quot;:false}\">\n\t\t\t\t\t<div class=\"e-con-inner\">\n\t\t<div class=\"elementor-element elementor-element-834ad4c elementor-hidden-mobile e-flex e-con-boxed e-con e-child\" data-id=\"834ad4c\" data-element_type=\"container\" data-settings=\"{&quot;content_width&quot;:&quot;boxed&quot;,&quot;_ha_eqh_enable&quot;:false}\">\n\t\t\t\t\t<div class=\"e-con-inner\">\n\t\t\t\t\t<\/div>\n\t\t\t\t<\/div>\n\t\t<div class=\"elementor-element elementor-element-01c2656 e-flex e-con-boxed e-con e-child\" data-id=\"01c2656\" data-element_type=\"container\" data-settings=\"{&quot;content_width&quot;:&quot;boxed&quot;,&quot;_ha_eqh_enable&quot;:false}\">\n\t\t\t\t\t<div class=\"e-con-inner\">\n\t\t\t\t<div class=\"elementor-element elementor-element-34f7467 elementor-widget elementor-widget-global elementor-global-194 elementor-widget-heading\" data-id=\"34f7467\" data-element_type=\"widget\" data-widget_type=\"heading.default\">\n\t\t\t\t<div class=\"elementor-widget-container\">\n\t\t\t<style>\/*! elementor - v3.18.0 - 20-12-2023 *\/\n.elementor-heading-title{padding:0;margin:0;line-height:1}.elementor-widget-heading .elementor-heading-title[class*=elementor-size-]>a{color:inherit;font-size:inherit;line-height:inherit}.elementor-widget-heading .elementor-heading-title.elementor-size-small{font-size:15px}.elementor-widget-heading .elementor-heading-title.elementor-size-medium{font-size:19px}.elementor-widget-heading .elementor-heading-title.elementor-size-large{font-size:29px}.elementor-widget-heading .elementor-heading-title.elementor-size-xl{font-size:39px}.elementor-widget-heading .elementor-heading-title.elementor-size-xxl{font-size:59px}<\/style><h1 class=\"elementor-heading-title elementor-size-default\">Produtos<\/h1>\t\t<\/div>\n\t\t\t\t<\/div>\n\t\t\t\t<div class=\"elementor-element elementor-element-4bfb897 elementor-widget elementor-widget-heading\" data-id=\"4bfb897\" data-element_type=\"widget\" data-widget_type=\"heading.default\">\n\t\t\t\t<div class=\"elementor-widget-container\">\n\t\t\t<h2 class=\"elementor-heading-title elementor-size-default\">Nossas Solu\u00e7\u00f5es<\/h2>\t\t<\/div>\n\t\t\t\t<\/div>\n\t\t\t\t<div class=\"elementor-widget-ha-breadcrumbs happy-addon ha-breadcrumbs happy-addon-pro elementor-element elementor-element-7b678a0 elementor-widget elementor-widget-global elementor-global-197 elementor-widget-ha-breadcrumbs\" data-id=\"7b678a0\" data-element_type=\"widget\" data-widget_type=\"ha-breadcrumbs.default\">\n\t\t\t\t<div class=\"elementor-widget-container\">\n\t\t\t<ul class=\"ha-breadcrumbs\"><li class=\"ha-breadcrumbs-item ha-breadcrumbs-start\"><a href=\"https:\/\/www.aqueraweb.com\/br\/\" rel=\"home\"><span class=\"ha-breadcrumbs-text\"><span class=\"ha-breadcrumbs-home-icon\"><span class=\"fas fa-home\" aria-hidden=\"true\"><\/span><\/span>Home<\/span><\/a><\/li><\/ul>\t\t<\/div>\n\t\t\t\t<\/div>\n\t\t\t\t\t<\/div>\n\t\t\t\t<\/div>\n\t\t\t\t\t<\/div>\n\t\t\t\t<\/div>\n\t\t\t\t<\/div>\n\t\t<div class=\"elementor-element elementor-element-8572ce4 e-flex e-con-boxed e-con e-parent\" data-id=\"8572ce4\" data-element_type=\"container\" data-settings=\"{&quot;content_width&quot;:&quot;boxed&quot;,&quot;_ha_eqh_enable&quot;:false}\" data-core-v316-plus=\"true\">\n\t\t\t\t\t<div class=\"e-con-inner\">\n\t\t<div class=\"elementor-element elementor-element-001ce3b e-con-full e-flex e-con e-child\" data-id=\"001ce3b\" data-element_type=\"container\" data-settings=\"{&quot;content_width&quot;:&quot;full&quot;,&quot;_ha_eqh_enable&quot;:false}\">\n\t\t\t\t<div class=\"elementor-element elementor-element-e0e8be0 elementor-widget elementor-widget-text-editor\" data-id=\"e0e8be0\" data-element_type=\"widget\" data-widget_type=\"text-editor.default\">\n\t\t\t\t<div class=\"elementor-widget-container\">\n\t\t\t<style>\/*! elementor - v3.18.0 - 20-12-2023 *\/\n.elementor-widget-text-editor.elementor-drop-cap-view-stacked .elementor-drop-cap{background-color:#69727d;color:#fff}.elementor-widget-text-editor.elementor-drop-cap-view-framed .elementor-drop-cap{color:#69727d;border:3px solid;background-color:transparent}.elementor-widget-text-editor:not(.elementor-drop-cap-view-default) .elementor-drop-cap{margin-top:8px}.elementor-widget-text-editor:not(.elementor-drop-cap-view-default) .elementor-drop-cap-letter{width:1em;height:1em}.elementor-widget-text-editor .elementor-drop-cap{float:left;text-align:center;line-height:1;font-size:50px}.elementor-widget-text-editor .elementor-drop-cap-letter{display:inline-block}<\/style>\t\t\t\t<p>Aquera oferece duas formas de acesso a terapias sonoras poderosas, desenvolvidas a partir da sua frequ\u00eancia pessoal e dos sinais enviados pelo seu c\u00e9rebro. Ambos os formatos utilizam nosso exclusivo sistema de equil\u00edbrio energ\u00e9tico, fundamentado em pesquisas cient\u00edficas e conhecimentos milenares.<\/p>\t\t\t\t\t\t<\/div>\n\t\t\t\t<\/div>\n\t\t\t\t<div class=\"elementor-element elementor-element-044e428 elementor-widget elementor-widget-heading\" data-id=\"044e428\" data-element_type=\"widget\" data-widget_type=\"heading.default\">\n\t\t\t\t<div class=\"elementor-widget-container\">\n\t\t\t<h2 class=\"elementor-heading-title elementor-size-default\">Terapias Padr\u00e3o<\/h2>\t\t<\/div>\n\t\t\t\t<\/div>\n\t\t\t\t<div class=\"elementor-element elementor-element-99783b1 elementor-widget elementor-widget-text-editor\" data-id=\"99783b1\" data-element_type=\"widget\" data-widget_type=\"text-editor.default\">\n\t\t\t\t<div class=\"elementor-widget-container\">\n\t\t\t\t\t\t\t<p>As terapias padr\u00e3o do Aquera s\u00e3o criadas com foco em objetivos espec\u00edficos, como clareza mental, equil\u00edbrio emocional, regenera\u00e7\u00e3o f\u00edsica e bem-estar est\u00e9tico. Com uma simples grava\u00e7\u00e3o da sua voz, \u00e9 gerada uma terapia sonora personalizada para voc\u00ea, pronta para ser ouvida a qualquer hora e em qualquer lugar.<\/p>\t\t\t\t\t\t<\/div>\n\t\t\t\t<\/div>\n\t\t\t\t<div class=\"elementor-element elementor-element-e7b2ad5 elementor-widget elementor-widget-heading\" data-id=\"e7b2ad5\" data-element_type=\"widget\" data-widget_type=\"heading.default\">\n\t\t\t\t<div class=\"elementor-widget-container\">\n\t\t\t<h5 class=\"elementor-heading-title elementor-size-default\">Terapias dispon\u00edveis:<\/h5>\t\t<\/div>\n\t\t\t\t<\/div>\n\t\t\t\t<div class=\"elementor-element elementor-element-76607e9 ha-mode--compact ha-direction--right elementor-widget elementor-widget-ha-list-group happy-addon ha-list-group happy-addon-pro\" data-id=\"76607e9\" data-element_type=\"widget\" data-widget_type=\"ha-list-group.default\">\n\t\t\t\t<div class=\"elementor-widget-container\">\n\t\t\t\n        <ul class=\"ha-list-wrap\">\n            \n                <li class=\"ha-list-item  elementor-repeater-item-852affc\">\n\n                    \n                        <div class=\"ha-item-wrap\">\n\n\t\t\t\t\t\t\t\n                            <div class=\"ha-text\">\n\t\t\t\t\t\t\t\t\t<!-- title tag start -->\n                                    <h4 class=\"ha-list-title\">\n                                        Power Mind                                                                            <\/h4>\n\t\t\t\t\t\t\t\t\t<!-- title tag end -->\n\n                                                                    <p class=\"ha-list-detail\">\n                                        Aumento cognitivo e foco mental                                    <\/p>\n                                                            <\/div>\n\n                            \n                        <\/div>\n\n                    \n                <\/li>\n\n            \n                <li class=\"ha-list-item  elementor-repeater-item-f88292d\">\n\n                    \n                        <div class=\"ha-item-wrap\">\n\n\t\t\t\t\t\t\t\n                            <div class=\"ha-text\">\n\t\t\t\t\t\t\t\t\t<!-- title tag start -->\n                                    <h4 class=\"ha-list-title\">\n                                        Mindfulness                                                                            <\/h4>\n\t\t\t\t\t\t\t\t\t<!-- title tag end -->\n\n                                                                    <p class=\"ha-list-detail\">\n                                        Al\u00edvio do estresse e alinhamento emocional                                    <\/p>\n                                                            <\/div>\n\n                            \n                        <\/div>\n\n                    \n                <\/li>\n\n            \n                <li class=\"ha-list-item  elementor-repeater-item-6756029\">\n\n                    \n                        <div class=\"ha-item-wrap\">\n\n\t\t\t\t\t\t\t\n                            <div class=\"ha-text\">\n\t\t\t\t\t\t\t\t\t<!-- title tag start -->\n                                    <h4 class=\"ha-list-title\">\n                                        Bio Energy                                                                            <\/h4>\n\t\t\t\t\t\t\t\t\t<!-- title tag end -->\n\n                                                                    <p class=\"ha-list-detail\">\n                                        Regenera\u00e7\u00e3o celular e vitalidade f\u00edsica                                    <\/p>\n                                                            <\/div>\n\n                            \n                        <\/div>\n\n                    \n                <\/li>\n\n            \n                <li class=\"ha-list-item  elementor-repeater-item-a5b3d07\">\n\n                    \n                        <div class=\"ha-item-wrap\">\n\n\t\t\t\t\t\t\t\n                            <div class=\"ha-text\">\n\t\t\t\t\t\t\t\t\t<!-- title tag start -->\n                                    <h4 class=\"ha-list-title\">\n                                        Beauty Active                                                                            <\/h4>\n\t\t\t\t\t\t\t\t\t<!-- title tag end -->\n\n                                                                    <p class=\"ha-list-detail\">\n                                        Est\u00edmulo de col\u00e1geno e equil\u00edbrio hormonal                                    <\/p>\n                                                            <\/div>\n\n                            \n                        <\/div>\n\n                    \n                <\/li>\n\n                    <\/ul>\n\n        \t\t<\/div>\n\t\t\t\t<\/div>\n\t\t\t\t<div class=\"elementor-element elementor-element-3e63ef0 elementor-widget elementor-widget-heading\" data-id=\"3e63ef0\" data-element_type=\"widget\" data-widget_type=\"heading.default\">\n\t\t\t\t<div class=\"elementor-widget-container\">\n\t\t\t<h2 class=\"elementor-heading-title elementor-size-default\">Terapias Personalizadas<\/h2>\t\t<\/div>\n\t\t\t\t<\/div>\n\t\t\t\t<div class=\"elementor-element elementor-element-6999b31 elementor-widget elementor-widget-text-editor\" data-id=\"6999b31\" data-element_type=\"widget\" data-widget_type=\"text-editor.default\">\n\t\t\t\t<div class=\"elementor-widget-container\">\n\t\t\t\t\t\t\t<p>Para quem busca um suporte mais profundo e preciso, as Terapias Personalizadas do Aquera incluem o acompanhamento direto de um Terapeuta Integrativo, que conduz todo o processo terap\u00eautico.<\/p><p class=\" translation-block\">As leituras dos sinais podem ser feitas por meio de <strong>an\u00e1lise de voz (VA)<\/strong> ou <strong>eletroencefalograma (EEG)<\/strong>, uma abordagem dupla que chamamos de Aquera <strong>VAEEG<\/strong> \u2014 Voice Analysis Electroencephalogram \u2014 representando ambas as formas de capta\u00e7\u00e3o dos dados.<\/p><p>Essas leituras s\u00e3o cruzadas com at\u00e9 15.000 padr\u00f5es de frequ\u00eancia da nossa base cient\u00edfica, permitindo uma interpreta\u00e7\u00e3o detalhada dos sinais que seu c\u00e9rebro envia ao sistema imunol\u00f3gico e ao seu campo energ\u00e9tico.<\/p>\t\t\t\t\t\t<\/div>\n\t\t\t\t<\/div>\n\t\t\t\t<div class=\"elementor-element elementor-element-0eaf1b7 elementor-widget elementor-widget-heading\" data-id=\"0eaf1b7\" data-element_type=\"widget\" data-widget_type=\"heading.default\">\n\t\t\t\t<div class=\"elementor-widget-container\">\n\t\t\t<h5 class=\"elementor-heading-title elementor-size-default\">Terapias dispon\u00edveis:<\/h5>\t\t<\/div>\n\t\t\t\t<\/div>\n\t\t\t\t<div class=\"elementor-element elementor-element-c10d882 ha-mode--compact ha-direction--right elementor-widget elementor-widget-ha-list-group happy-addon ha-list-group happy-addon-pro\" data-id=\"c10d882\" data-element_type=\"widget\" data-widget_type=\"ha-list-group.default\">\n\t\t\t\t<div class=\"elementor-widget-container\">\n\t\t\t\n        <ul class=\"ha-list-wrap\">\n            \n                <li class=\"ha-list-item  elementor-repeater-item-852affc\">\n\n                    \n                        <div class=\"ha-item-wrap\">\n\n\t\t\t\t\t\t\t\n                            <div class=\"ha-text\">\n\t\t\t\t\t\t\t\t\t<!-- title tag start -->\n                                    <h4 class=\"ha-list-title\">\n                                        Aquera Essential                                                                            <\/h4>\n\t\t\t\t\t\t\t\t\t<!-- title tag end -->\n\n                                                                    <p class=\"ha-list-detail\">\n                                        Sess\u00e3o completa online com an\u00e1lise por voz ou EEG, relat\u00f3rios emocional e biofot\u00f4nico, terapia sonora personalizada e rean\u00e1lise p\u00f3s-terapia para acompanhar sua evolu\u00e7\u00e3o energ\u00e9tica.                                    <\/p>\n                                                            <\/div>\n\n                            \n                        <\/div>\n\n                    \n                <\/li>\n\n            \n                <li class=\"ha-list-item  elementor-repeater-item-f88292d\">\n\n                    \n                        <div class=\"ha-item-wrap\">\n\n\t\t\t\t\t\t\t\n                            <div class=\"ha-text\">\n\t\t\t\t\t\t\t\t\t<!-- title tag start -->\n                                    <h4 class=\"ha-list-title\">\n                                        Aquera Plus                                                                            <\/h4>\n\t\t\t\t\t\t\t\t\t<!-- title tag end -->\n\n                                                                    <p class=\"ha-list-detail\">\n                                        Inclui todos os recursos do Essential, com uma an\u00e1lise de frequ\u00eancia ainda mais aprofundada e cria\u00e7\u00e3o de uma segunda terapia personalizada, baseada nos resultados p\u00f3s-terapia e no novo estado energ\u00e9tico.                                    <\/p>\n                                                            <\/div>\n\n                            \n                        <\/div>\n\n                    \n                <\/li>\n\n                    <\/ul>\n\n        \t\t<\/div>\n\t\t\t\t<\/div>\n\t\t\t\t<\/div>\n\t\t\t\t\t<\/div>\n\t\t\t\t<\/div>\n\t\t\t\t\t\t\t<\/div>","protected":false},"excerpt":{"rendered":"<p>Our Solutions Home Aquera offers two ways to access powerful sound therapies developed from your personal frequency and the signals sent by your brain. Both formats are powered by our exclusive energy balancing system, built on scientific research and ancient knowledge. Standard Therapies Aquera\u2019s standard therapies are designed for specific goals such as mental clarity, [&hellip;]<\/p>","protected":false},"author":1,"featured_media":0,"parent":0,"menu_order":0,"comment_status":"closed","ping_status":"closed","template":"elementor_header_footer","meta":{"_joinchat":[],"footnotes":""},"class_list":["post-520","page","type-page","status-publish","hentry"],"_links":{"self":[{"href":"https:\/\/www.aqueraweb.com\/br\/wp-json\/wp\/v2\/pages\/520","targetHints":{"allow":["GET"]}}],"collection":[{"href":"https:\/\/www.aqueraweb.com\/br\/wp-json\/wp\/v2\/pages"}],"about":[{"href":"https:\/\/www.aqueraweb.com\/br\/wp-json\/wp\/v2\/types\/page"}],"author":[{"embeddable":true,"href":"https:\/\/www.aqueraweb.com\/br\/wp-json\/wp\/v2\/users\/1"}],"replies":[{"embeddable":true,"href":"https:\/\/www.aqueraweb.com\/br\/wp-json\/wp\/v2\/comments?post=520"}],"version-history":[{"count":3,"href":"https:\/\/www.aqueraweb.com\/br\/wp-json\/wp\/v2\/pages\/520\/revisions"}],"predecessor-version":[{"id":1707,"href":"https:\/\/www.aqueraweb.com\/br\/wp-json\/wp\/v2\/pages\/520\/revisions\/1707"}],"wp:attachment":[{"href":"https:\/\/www.aqueraweb.com\/br\/wp-json\/wp\/v2\/media?parent=520"}],"curies":[{"name":"wp","href":"https:\/\/api.w.org\/{rel}","templated":true}]}}