{"id":1708,"date":"2025-05-25T14:35:15","date_gmt":"2025-05-25T14:35:15","guid":{"rendered":"https:\/\/www.aqueraweb.com\/?page_id=1708"},"modified":"2025-07-07T23:31:19","modified_gmt":"2025-07-07T23:31:19","slug":"app","status":"publish","type":"page","link":"https:\/\/www.aqueraweb.com\/br\/app\/","title":{"rendered":"Aquera Player App"},"content":{"rendered":"<div data-elementor-type=\"wp-page\" data-elementor-id=\"1708\" class=\"elementor elementor-1708\" data-elementor-post-type=\"page\">\n\t\t\t\t\t\t\t<div data-dce-background-color=\"#002C50\" class=\"elementor-element elementor-element-b5cac4f e-flex e-con-boxed e-con e-parent\" data-id=\"b5cac4f\" data-element_type=\"container\" data-settings=\"{&quot;background_background&quot;:&quot;classic&quot;,&quot;content_width&quot;:&quot;boxed&quot;,&quot;_ha_eqh_enable&quot;:false}\" data-core-v316-plus=\"true\">\n\t\t\t\t\t<div class=\"e-con-inner\">\n\t\t\t\t<div class=\"elementor-element elementor-element-9e06cdc elementor-widget elementor-widget-image\" data-id=\"9e06cdc\" data-element_type=\"widget\" data-widget_type=\"image.default\">\n\t\t\t\t<div class=\"elementor-widget-container\">\n\t\t\t<style>\/*! elementor - v3.18.0 - 20-12-2023 *\/\n.elementor-widget-image{text-align:center}.elementor-widget-image a{display:inline-block}.elementor-widget-image a img[src$=\".svg\"]{width:48px}.elementor-widget-image img{vertical-align:middle;display:inline-block}<\/style>\t\t\t\t\t\t\t\t\t\t\t\t<img fetchpriority=\"high\" decoding=\"async\" width=\"512\" height=\"512\" src=\"https:\/\/www.aqueraweb.com\/wp-content\/uploads\/2025\/05\/app-icon.png\" class=\"attachment-medium_large size-medium_large wp-image-1720\" alt=\"\" srcset=\"https:\/\/www.aqueraweb.com\/wp-content\/uploads\/2025\/05\/app-icon.png 512w, https:\/\/www.aqueraweb.com\/wp-content\/uploads\/2025\/05\/app-icon-300x300.png 300w, https:\/\/www.aqueraweb.com\/wp-content\/uploads\/2025\/05\/app-icon-150x150.png 150w, https:\/\/www.aqueraweb.com\/wp-content\/uploads\/2025\/05\/app-icon-12x12.png 12w\" sizes=\"(max-width: 512px) 100vw, 512px\" \/>\t\t\t\t\t\t\t\t\t\t\t\t\t\t\t<\/div>\n\t\t\t\t<\/div>\n\t\t\t\t<div class=\"elementor-element elementor-element-1f1cef4 elementor-widget elementor-widget-heading\" data-id=\"1f1cef4\" data-element_type=\"widget\" data-widget_type=\"heading.default\">\n\t\t\t\t<div class=\"elementor-widget-container\">\n\t\t\t<style>\/*! elementor - v3.18.0 - 20-12-2023 *\/\n.elementor-heading-title{padding:0;margin:0;line-height:1}.elementor-widget-heading .elementor-heading-title[class*=elementor-size-]>a{color:inherit;font-size:inherit;line-height:inherit}.elementor-widget-heading .elementor-heading-title.elementor-size-small{font-size:15px}.elementor-widget-heading .elementor-heading-title.elementor-size-medium{font-size:19px}.elementor-widget-heading .elementor-heading-title.elementor-size-large{font-size:29px}.elementor-widget-heading .elementor-heading-title.elementor-size-xl{font-size:39px}.elementor-widget-heading .elementor-heading-title.elementor-size-xxl{font-size:59px}<\/style><h2 class=\"elementor-heading-title elementor-size-default\">Aquera Player<\/h2>\t\t<\/div>\n\t\t\t\t<\/div>\n\t\t\t\t<div class=\"elementor-element elementor-element-aacdfb0 elementor-widget elementor-widget-text-editor\" data-id=\"aacdfb0\" data-element_type=\"widget\" data-widget_type=\"text-editor.default\">\n\t\t\t\t<div class=\"elementor-widget-container\">\n\t\t\t<style>\/*! elementor - v3.18.0 - 20-12-2023 *\/\n.elementor-widget-text-editor.elementor-drop-cap-view-stacked .elementor-drop-cap{background-color:#69727d;color:#fff}.elementor-widget-text-editor.elementor-drop-cap-view-framed .elementor-drop-cap{color:#69727d;border:3px solid;background-color:transparent}.elementor-widget-text-editor:not(.elementor-drop-cap-view-default) .elementor-drop-cap{margin-top:8px}.elementor-widget-text-editor:not(.elementor-drop-cap-view-default) .elementor-drop-cap-letter{width:1em;height:1em}.elementor-widget-text-editor .elementor-drop-cap{float:left;text-align:center;line-height:1;font-size:50px}.elementor-widget-text-editor .elementor-drop-cap-letter{display:inline-block}<\/style>\t\t\t\t<p><strong>Aquera Player<\/strong> \u00e9 o app oficial da tecnologia Aquera. Com ele, voc\u00ea ouve suas terapias sonoras personalizadas desenvolvidas a partir das frequ\u00eancias da sua voz. Para voc\u00ea que j\u00e1 \u00e9 cliente Aquera, garanta melhores resultados atrav\u00e9s do Aquera Player.<\/p>\t\t\t\t\t\t<\/div>\n\t\t\t\t<\/div>\n\t\t\t\t\t<\/div>\n\t\t\t\t<\/div>\n\t\t<div class=\"elementor-element elementor-element-b6b5183 e-flex e-con-boxed e-con e-parent\" data-id=\"b6b5183\" data-element_type=\"container\" data-settings=\"{&quot;content_width&quot;:&quot;boxed&quot;,&quot;_ha_eqh_enable&quot;:false}\" data-core-v316-plus=\"true\">\n\t\t\t\t\t<div class=\"e-con-inner\">\n\t\t\t\t<div class=\"elementor-element elementor-element-8b3beb1 elementor-widget elementor-widget-heading\" data-id=\"8b3beb1\" data-element_type=\"widget\" data-widget_type=\"heading.default\">\n\t\t\t\t<div class=\"elementor-widget-container\">\n\t\t\t<h2 class=\"elementor-heading-title elementor-size-default\">Dispon\u00edvel para <b>Android<\/b> e <b>iOS<\/b><\/h2>\t\t<\/div>\n\t\t\t\t<\/div>\n\t\t<div class=\"elementor-element elementor-element-30e691d e-flex e-con-boxed e-con e-child\" data-id=\"30e691d\" data-element_type=\"container\" data-settings=\"{&quot;content_width&quot;:&quot;boxed&quot;,&quot;_ha_eqh_enable&quot;:false}\">\n\t\t\t\t\t<div class=\"e-con-inner\">\n\t\t\t\t<div class=\"elementor-element elementor-element-10a6713 elementor-widget elementor-widget-image\" data-id=\"10a6713\" data-element_type=\"widget\" data-widget_type=\"image.default\">\n\t\t\t\t<div class=\"elementor-widget-container\">\n\t\t\t\t\t\t\t\t\t\t\t\t\t\t\t\t<a href=\"https:\/\/play.google.com\/store\/apps\/details?id=pro.aquera.player\" target=\"_blank\" rel=\"noopener\">\n\t\t\t\t\t\t\t<img decoding=\"async\" width=\"907\" height=\"267\" src=\"https:\/\/www.aqueraweb.com\/wp-content\/uploads\/2025\/05\/btn-google-play.png\" class=\"attachment-full size-full wp-image-1719\" alt=\"\" srcset=\"https:\/\/www.aqueraweb.com\/wp-content\/uploads\/2025\/05\/btn-google-play.png 907w, https:\/\/www.aqueraweb.com\/wp-content\/uploads\/2025\/05\/btn-google-play-300x88.png 300w, https:\/\/www.aqueraweb.com\/wp-content\/uploads\/2025\/05\/btn-google-play-768x226.png 768w, https:\/\/www.aqueraweb.com\/wp-content\/uploads\/2025\/05\/btn-google-play-18x5.png 18w\" sizes=\"(max-width: 907px) 100vw, 907px\" \/>\t\t\t\t\t\t\t\t<\/a>\n\t\t\t\t\t\t\t\t\t\t\t\t\t\t\t<\/div>\n\t\t\t\t<\/div>\n\t\t\t\t<div class=\"elementor-element elementor-element-78cec9b elementor-widget elementor-widget-image\" data-id=\"78cec9b\" data-element_type=\"widget\" data-widget_type=\"image.default\">\n\t\t\t\t<div class=\"elementor-widget-container\">\n\t\t\t\t\t\t\t\t\t\t\t\t\t\t\t\t<a href=\"https:\/\/apps.apple.com\/br\/app\/aquera-player\/id6745157822\" target=\"_blank\" rel=\"noopener\">\n\t\t\t\t\t\t\t<img decoding=\"async\" width=\"907\" height=\"267\" src=\"https:\/\/www.aqueraweb.com\/wp-content\/uploads\/2025\/05\/btn-apple-store.png\" class=\"attachment-full size-full wp-image-1718\" alt=\"\" srcset=\"https:\/\/www.aqueraweb.com\/wp-content\/uploads\/2025\/05\/btn-apple-store.png 907w, https:\/\/www.aqueraweb.com\/wp-content\/uploads\/2025\/05\/btn-apple-store-300x88.png 300w, https:\/\/www.aqueraweb.com\/wp-content\/uploads\/2025\/05\/btn-apple-store-768x226.png 768w, https:\/\/www.aqueraweb.com\/wp-content\/uploads\/2025\/05\/btn-apple-store-18x5.png 18w\" sizes=\"(max-width: 907px) 100vw, 907px\" \/>\t\t\t\t\t\t\t\t<\/a>\n\t\t\t\t\t\t\t\t\t\t\t\t\t\t\t<\/div>\n\t\t\t\t<\/div>\n\t\t\t\t\t<\/div>\n\t\t\t\t<\/div>\n\t\t\t\t\t<\/div>\n\t\t\t\t<\/div>\n\t\t\t\t\t\t\t<\/div>","protected":false},"excerpt":{"rendered":"<p>Baixe o Aquera Player e tenha acesso \u00e0s suas terapias sonoras personalizadas com seguran\u00e7a, onde e quando quiser.<\/p>","protected":false},"author":1,"featured_media":1742,"parent":0,"menu_order":0,"comment_status":"closed","ping_status":"closed","template":"elementor_header_footer","meta":{"_joinchat":[],"footnotes":""},"class_list":["post-1708","page","type-page","status-publish","has-post-thumbnail","hentry"],"_links":{"self":[{"href":"https:\/\/www.aqueraweb.com\/br\/wp-json\/wp\/v2\/pages\/1708","targetHints":{"allow":["GET"]}}],"collection":[{"href":"https:\/\/www.aqueraweb.com\/br\/wp-json\/wp\/v2\/pages"}],"about":[{"href":"https:\/\/www.aqueraweb.com\/br\/wp-json\/wp\/v2\/types\/page"}],"author":[{"embeddable":true,"href":"https:\/\/www.aqueraweb.com\/br\/wp-json\/wp\/v2\/users\/1"}],"replies":[{"embeddable":true,"href":"https:\/\/www.aqueraweb.com\/br\/wp-json\/wp\/v2\/comments?post=1708"}],"version-history":[{"count":3,"href":"https:\/\/www.aqueraweb.com\/br\/wp-json\/wp\/v2\/pages\/1708\/revisions"}],"predecessor-version":[{"id":1753,"href":"https:\/\/www.aqueraweb.com\/br\/wp-json\/wp\/v2\/pages\/1708\/revisions\/1753"}],"wp:featuredmedia":[{"embeddable":true,"href":"https:\/\/www.aqueraweb.com\/br\/wp-json\/wp\/v2\/media\/1742"}],"wp:attachment":[{"href":"https:\/\/www.aqueraweb.com\/br\/wp-json\/wp\/v2\/media?parent=1708"}],"curies":[{"name":"wp","href":"https:\/\/api.w.org\/{rel}","templated":true}]}}